{"id":448,"date":"2020-01-31T15:33:37","date_gmt":"2020-01-31T14:33:37","guid":{"rendered":"https:\/\/rovaniemi-posio2020.aic-iac.org\/?page_id=448"},"modified":"2022-04-13T16:48:29","modified_gmt":"2022-04-13T14:48:29","slug":"registration","status":"publish","type":"page","link":"https:\/\/rovaniemi-posio2021.aic-iac.org\/fr\/registration\/","title":{"rendered":"Inscription, conditions g\u00e9n\u00e9rales et tarifs","raw":"Inscription, conditions g\u00e9n\u00e9rales et tarifs"},"content":{"rendered":"<table style=\"width: 100%;\">\n<tbody>\n<tr>\n<td style=\"width: 49.3548%;\">\n<p>Les inscriptions sont d\u00e9sormais closes.<\/p>\n<p>Tous les participants et exposants doivent s&rsquo;inscrire \u00e0 l&rsquo;\u00e9v\u00e9nement et payer les frais d&rsquo;inscription. Les frais d\u2019inscription comprennent l\u2019acc\u00e8s \u00e0 toutes les pr\u00e9sentations et les \u00e9v\u00e9nements annexes.<\/p>\n<p>La confirmation de votre inscription sera envoy\u00e9e par le bureau des congr\u00e8s de Rovaniemi-Lapland.<\/p>\n<\/td>\n<td style=\"width: 49.3548%;\">\n<p>Pour toute information suppl\u00e9mentaire concernant l\u2019inscription et le paiement, merci de contacter:<\/p>\n<p>Rovaniemi-Lapland Congresses<br \/>Email: congress[at]ulapland.fi<br \/>Tel. +358 (0)40 484 4462, +358 (0)40 515 6544<\/p>\n<p>Veuillez noter que, bien que le formulaire d\u2019inscription soit disponible en anglais et en fran\u00e7ais, le bureau des Congr\u00e8s traitera toutes les communications <span style=\"text-decoration: underline;\">en anglais uniquement<\/span>.<\/p>\n<\/td>\n<\/tr>\n<\/tbody>\n<\/table>\n<table>\n<tbody>\n<tr>\n<td>\n<hr \/>\n<\/td>\n<\/tr>\n<\/tbody>\n<\/table>\n<table>\n<tbody>\n<tr>\n<td>\n<p><span style=\"text-decoration: underline;\">Frais d&rsquo;inscription<br \/><\/span><\/p>\n<p><img loading=\"lazy\" decoding=\"async\" class=\"alignnone wp-image-1490 size-full\" src=\"https:\/\/rovaniemi-posio2021.aic-iac.org\/wp-content\/uploads\/sites\/4\/2021\/09\/Screenshot-2021-09-09-at-09.53.48.png\" alt=\"\" width=\"834\" height=\"334\" srcset=\"https:\/\/rovaniemi-posio2021.aic-iac.org\/wp-content\/uploads\/sites\/4\/2021\/09\/Screenshot-2021-09-09-at-09.53.48.png 834w, https:\/\/rovaniemi-posio2021.aic-iac.org\/wp-content\/uploads\/sites\/4\/2021\/09\/Screenshot-2021-09-09-at-09.53.48-300x120.png 300w, https:\/\/rovaniemi-posio2021.aic-iac.org\/wp-content\/uploads\/sites\/4\/2021\/09\/Screenshot-2021-09-09-at-09.53.48-768x308.png 768w\" sizes=\"auto, (max-width: 834px) 100vw, 834px\" \/><\/p>\n<\/td>\n<\/tr>\n<\/tbody>\n<\/table>\n<table style=\"width: 100%;\">\n<tbody>\n<tr>\n<td style=\"width: 49.3548%;\">\n<p><span style=\"text-decoration: underline;\">Frais d&rsquo;inscription pour les \u00e9tudiants<br \/><\/span><\/p>\n<p>Valable pour les \u00e9tudiants inscrits pour l&rsquo;ann\u00e9e acad\u00e9mique 2020-2021 et 2021-2022 dans des institutions officielles li\u00e9es au domaine ou au th\u00e8me du Congr\u00e8s, ou dans des \u00e9coles priv\u00e9es ayant un titre de reconnaissance officiel. Les candidats doivent pr\u00e9senter une copie scann\u00e9e de leur document d&rsquo;inscription ou un certificat du centre. La carte d&rsquo;\u00e9tudiant n&rsquo;est pas un document valable.<\/p>\n<p>&nbsp;<\/p>\n<\/td>\n<td style=\"width: 49.3548%;\">\n<p><span style=\"text-decoration: underline;\">Inscriptions de la presse<\/span><\/p>\n<p>Les membres de la presse ont droit \u00e0 une inscription gratuite sous r\u00e9serve des conditions suivantes:<\/p>\n<p>1. Le.la membre de la presse doit \u00eatre en mesure de fournir une documentation indiquant quel organe de presse il.elle repr\u00e9sente.<br \/>2. L&rsquo;AIC appr\u00e9cierait que vous annonciez le Congr\u00e8s \u00e0 l&rsquo;avance dans le ou les canaux de presse\/m\u00e9dias que vous repr\u00e9sentez.<br \/>3. L&rsquo;AIC appr\u00e9cierait de recevoir des copies du mat\u00e9riel publi\u00e9 pour ses archives.<\/p>\n<\/td>\n<\/tr>\n<\/tbody>\n<\/table>\n<table>\n<tbody>\n<tr>\n<td>\n<hr \/>\n<\/td>\n<\/tr>\n<\/tbody>\n<\/table>\n<table style=\"width: 100%;\">\n<tbody>\n<tr>\n<td style=\"width: 49.3548%;\">\n<p><span style=\"text-decoration: underline;\">Paiements<\/span><\/p>\n<p>Tous les frais li\u00e9s \u00e0 l\u2019\u00e9v\u00e9nement comprennent la TVA de 24%. Veuillez noter que tous les paiements doivent \u00eatre faits en avance et en euros (\u20ac).<\/p>\n<p>Merci de choisir votre moyen de paiement dans le formulaire d\u2019inscription en ligne. Les options sont:<\/p>\n<ul>\n<li>Virement bancaire en ligne (Banque finlandaise)<\/li>\n<li>Paiement par carte de cr\u00e9dit en ligne (Visa, MasterCard, EuroCard, Amex)<\/li>\n<li>Facture (La facture vous sera envoy\u00e9e s\u00e9par\u00e9ment par le bureau des Congr\u00e8s Rovaniemi-Lapland. Merci de bien vouloir sp\u00e9cifier votre adresse de facturation dans le formulaire d\u2019inscription. Des frais administratifs de 10\u20ac seront ajout\u00e9s \u00e0 tout paiement par facture.)<\/li>\n<\/ul>\n<\/td>\n<td style=\"width: 49.3548%;\">\n<p><span style=\"text-decoration: underline;\">Politique d&rsquo;annulation<\/span><\/p>\n<p>Toute annulation doit \u00eatre faite par courrier \u00e9lectronique au bureau des Congr\u00e8s Rovaniemi-Lapland.<\/p>\n<p>Les frais d\u2019inscription vous seront rembours\u00e9s si l\u2019annulation est effectu\u00e9e <span style=\"text-decoration: underline;\">avant le 31 ao\u00fbt 2021<\/span>. Aucun remboursement ne sera fait pour les annulations re\u00e7ues apr\u00e8s cette date.<\/p>\n<p>Veuillez noter que des frais de traitement de 50\u20ac seront d\u00e9duits de tous remboursements.<\/p>\n<\/td>\n<\/tr>\n<\/tbody>\n<\/table>\n<p>&nbsp;<\/p>\n<p>&nbsp;<\/p>\n","protected":false,"raw":"<table style=\"width: 100%;\">\r\n<tbody>\r\n<tr>\r\n<td style=\"width: 49.3548%;\">\r\n<p>Les inscriptions sont d\u00e9sormais closes.<\/p>\r\n<p>Tous les participants et exposants doivent s'inscrire \u00e0 l'\u00e9v\u00e9nement et payer les frais d'inscription. Les frais d\u2019inscription comprennent l\u2019acc\u00e8s \u00e0 toutes les pr\u00e9sentations et les \u00e9v\u00e9nements annexes.<\/p>\r\n<p>La confirmation de votre inscription sera envoy\u00e9e par le bureau des congr\u00e8s de Rovaniemi-Lapland.<\/p>\r\n<\/td>\r\n<td style=\"width: 49.3548%;\">\r\n<p>Pour toute information suppl\u00e9mentaire concernant l\u2019inscription et le paiement, merci de contacter:<\/p>\r\n<p>Rovaniemi-Lapland Congresses<br \/>Email: congress[at]ulapland.fi<br \/>Tel. +358 (0)40 484 4462, +358 (0)40 515 6544<\/p>\r\n<p>Veuillez noter que, bien que le formulaire d\u2019inscription soit disponible en anglais et en fran\u00e7ais, le bureau des Congr\u00e8s traitera toutes les communications <span style=\"text-decoration: underline;\">en anglais uniquement<\/span>.<\/p>\r\n<\/td>\r\n<\/tr>\r\n<\/tbody>\r\n<\/table>\r\n<table>\r\n<tbody>\r\n<tr>\r\n<td><hr \/><\/td>\r\n<\/tr>\r\n<\/tbody>\r\n<\/table>\r\n<table>\r\n<tbody>\r\n<tr>\r\n<td>\r\n<p><span style=\"text-decoration: underline;\">Frais d'inscription<br \/><\/span><\/p>\r\n<p><img class=\"alignnone wp-image-1490 size-full\" src=\"https:\/\/rovaniemi-posio2021.aic-iac.org\/wp-content\/uploads\/sites\/4\/2021\/09\/Screenshot-2021-09-09-at-09.53.48.png\" alt=\"\" width=\"834\" height=\"334\" \/><\/p>\r\n<\/td>\r\n<\/tr>\r\n<\/tbody>\r\n<\/table>\r\n<table style=\"width: 100%;\">\r\n<tbody>\r\n<tr>\r\n<td style=\"width: 49.3548%;\">\r\n<p><span style=\"text-decoration: underline;\">Frais d'inscription pour les \u00e9tudiants<br \/><\/span><\/p>\r\n<p>Valable pour les \u00e9tudiants inscrits pour l'ann\u00e9e acad\u00e9mique 2020-2021 et 2021-2022 dans des institutions officielles li\u00e9es au domaine ou au th\u00e8me du Congr\u00e8s, ou dans des \u00e9coles priv\u00e9es ayant un titre de reconnaissance officiel. Les candidats doivent pr\u00e9senter une copie scann\u00e9e de leur document d'inscription ou un certificat du centre. La carte d'\u00e9tudiant n'est pas un document valable.<\/p>\r\n<p>&nbsp;<\/p>\r\n<\/td>\r\n<td style=\"width: 49.3548%;\">\r\n<p><span style=\"text-decoration: underline;\">Inscriptions de la presse<\/span><\/p>\r\n<p>Les membres de la presse ont droit \u00e0 une inscription gratuite sous r\u00e9serve des conditions suivantes:<\/p>\r\n<p>1. Le.la membre de la presse doit \u00eatre en mesure de fournir une documentation indiquant quel organe de presse il.elle repr\u00e9sente.<br \/>2. L'AIC appr\u00e9cierait que vous annonciez le Congr\u00e8s \u00e0 l'avance dans le ou les canaux de presse\/m\u00e9dias que vous repr\u00e9sentez.<br \/>3. L'AIC appr\u00e9cierait de recevoir des copies du mat\u00e9riel publi\u00e9 pour ses archives.<\/p>\r\n<\/td>\r\n<\/tr>\r\n<\/tbody>\r\n<\/table>\r\n<table>\r\n<tbody>\r\n<tr>\r\n<td><hr \/><\/td>\r\n<\/tr>\r\n<\/tbody>\r\n<\/table>\r\n<table style=\"width: 100%;\">\r\n<tbody>\r\n<tr>\r\n<td style=\"width: 49.3548%;\">\r\n<p><span style=\"text-decoration: underline;\">Paiements<\/span><\/p>\r\n<p>Tous les frais li\u00e9s \u00e0 l\u2019\u00e9v\u00e9nement comprennent la TVA de 24%. Veuillez noter que tous les paiements doivent \u00eatre faits en avance et en euros (\u20ac).<\/p>\r\n<p>Merci de choisir votre moyen de paiement dans le formulaire d\u2019inscription en ligne. Les options sont:<\/p>\r\n<ul>\r\n<li>Virement bancaire en ligne (Banque finlandaise)<\/li>\r\n<li>Paiement par carte de cr\u00e9dit en ligne (Visa, MasterCard, EuroCard, Amex)<\/li>\r\n<li>Facture (La facture vous sera envoy\u00e9e s\u00e9par\u00e9ment par le bureau des Congr\u00e8s Rovaniemi-Lapland. Merci de bien vouloir sp\u00e9cifier votre adresse de facturation dans le formulaire d\u2019inscription. Des frais administratifs de 10\u20ac seront ajout\u00e9s \u00e0 tout paiement par facture.)<\/li>\r\n<\/ul>\r\n<\/td>\r\n<td style=\"width: 49.3548%;\">\r\n<p><span style=\"text-decoration: underline;\">Politique d'annulation<\/span><\/p>\r\n<p>Toute annulation doit \u00eatre faite par courrier \u00e9lectronique au bureau des Congr\u00e8s Rovaniemi-Lapland.<\/p>\r\n<p>Les frais d\u2019inscription vous seront rembours\u00e9s si l\u2019annulation est effectu\u00e9e <span style=\"text-decoration: underline;\">avant le 31 ao\u00fbt 2021<\/span>. Aucun remboursement ne sera fait pour les annulations re\u00e7ues apr\u00e8s cette date.<\/p>\r\n<p>Veuillez noter que des frais de traitement de 50\u20ac seront d\u00e9duits de tous remboursements.<\/p>\r\n<\/td>\r\n<\/tr>\r\n<\/tbody>\r\n<\/table>\r\n<p>&nbsp;<\/p>\r\n<p>&nbsp;<\/p>"},"excerpt":{"rendered":"<p>Informations sur les frais d&rsquo;inscription et autres frais, les options de paiement et la politique d&rsquo;annulation.<\/p>\n","protected":false,"raw":"Informations sur les frais d'inscription et autres frais, les options de paiement et la politique d'annulation."},"author":379,"featured_media":694,"parent":0,"menu_order":0,"comment_status":"closed","ping_status":"closed","template":"","meta":{"_en_post_content":"<table style=\"width: 100%;\">\r\n<tbody>\r\n<tr>\r\n<td style=\"width: 49.3548%;\">\r\n<p>Registration has now closed.<\/p>\r\n<p>All participants and presenters must register for the event and pay the registration fee. The registration fee includes access to all debates and communication sessions.<br \/><br \/>Confirmation of your registration will be sent by The Rovaniemi-Lapland Congresses office.\u00a0<\/p>\r\n<\/td>\r\n<td style=\"width: 49.3548%;\">\r\n<p>For additional information about the registration and payment, please contact:<\/p>\r\n<p>Rovaniemi-Lapland Congresses<br \/>Email: congress[at]ulapland.fi<br \/>Tel. +358 (0)40\u00a0484 4462, +358 (0)40 515 6544<\/p>\r\n<p>Please note that although the registration form is available in both English and French, the conference office will handle all communications <span style=\"text-decoration: underline;\">in English only<\/span>.<\/p>\r\n<\/td>\r\n<\/tr>\r\n<\/tbody>\r\n<\/table>\r\n<table>\r\n<tbody>\r\n<tr>\r\n<td><hr \/><\/td>\r\n<\/tr>\r\n<\/tbody>\r\n<\/table>\r\n<table>\r\n<tbody>\r\n<tr>\r\n<td>\r\n<p><span style=\"text-decoration: underline;\">Registration fees<\/span><\/p>\r\n<p><img class=\"alignnone wp-image-1491 size-full\" src=\"https:\/\/rovaniemi-posio2021.aic-iac.org\/wp-content\/uploads\/sites\/4\/2021\/09\/Screenshot-2021-09-09-at-09.53.38.png\" alt=\"\" width=\"838\" height=\"322\" \/><\/p>\r\n<\/td>\r\n<\/tr>\r\n<\/tbody>\r\n<\/table>\r\n<table style=\"width: 100%;\">\r\n<tbody>\r\n<tr>\r\n<td style=\"width: 49.3548%;\">\r\n<p><span style=\"text-decoration: underline;\">Student registration fee<\/span><\/p>\r\n<p>Valid for students enrolled in the academic year 2020-2021 and 2021-2022 in official centers linked to the theme or the field of the Congress, or private schools with an officially recognized title. Applicants must submit a scanned copy of their registration document or another certificate from their center. A student card is not a valid document.<\/p>\r\n<p>&nbsp;<\/p>\r\n<\/td>\r\n<td style=\"width: 49.3548%;\">\r\n<p><span style=\"text-decoration: underline;\">Press registrations<\/span><\/p>\r\n<p>Members of the press are entitled to free registration subject to the following conditions:<br \/><br \/>1. The media person must be able to provide documentation of which press outlet she\/he represents.<br \/>2. The IAC would appreciate if you announce the Congress in advance in the press\/media channel(s) you represent.<br \/>3. The IAC would appreciate receiving copies of the published material for its archive.<\/p>\r\n<\/td>\r\n<\/tr>\r\n<\/tbody>\r\n<\/table>\r\n<table>\r\n<tbody>\r\n<tr>\r\n<td><hr \/><\/td>\r\n<\/tr>\r\n<\/tbody>\r\n<\/table>\r\n<table style=\"width: 100%;\">\r\n<tbody>\r\n<tr>\r\n<td style=\"width: 49.3548%;\">\r\n<p><span style=\"text-decoration: underline;\">Payments<\/span><\/p>\r\n<p>All event fees include VAT of 24%. Please note that all payments must be made in advance and in Euros (\u20ac). <br \/>\u00a0<br \/>Please choose your payment type on the online registration form. The options are:<\/p>\r\n<ul>\r\n<li>Online bank transfer (Finnish banks)<\/li>\r\n<li>Online credit card payment (Visa, MasterCard, EuroCard, Amex)<\/li>\r\n<li>Invoice (The invoice will be sent to you separately by the organizing agency Rovaniemi-Lapland Congresses. Please remember to specify the invoicing address on the registration form. Please note that an invoicing fee of 10 \u20ac will be added to all invoices).<\/li>\r\n<\/ul>\r\n<\/td>\r\n<td style=\"width: 49.3548%;\">\r\n<p><span style=\"text-decoration: underline;\">Cancellation Policy<\/span><\/p>\r\n<p>Cancellations must be made by email to the organizing agency Rovaniemi-Lapland Congresses.<\/p>\r\n<p>The registration fee will be refunded if your cancellation is received before 31 August 2021. No refunds will be made for cancellations received after this date.<\/p>\r\n<p>Please note that a processing fee of 50 \u20ac will be deducted from all refunds.<\/p>\r\n<\/td>\r\n<\/tr>\r\n<\/tbody>\r\n<\/table>\r\n<p>&nbsp;<\/p>","_en_post_name":"registration","_en_post_excerpt":"Information on registration fees, payment options and cancellation policy.","_en_post_title":"Registration, policy and fees","_fr_post_content":"<table style=\"width: 100%;\">\r\n<tbody>\r\n<tr>\r\n<td style=\"width: 49.3548%;\">\r\n<p>Les inscriptions sont d\u00e9sormais closes.<\/p>\r\n<p>Tous les participants et exposants doivent s'inscrire \u00e0 l'\u00e9v\u00e9nement et payer les frais d'inscription. Les frais d\u2019inscription comprennent l\u2019acc\u00e8s \u00e0 toutes les pr\u00e9sentations et les \u00e9v\u00e9nements annexes.<\/p>\r\n<p>La confirmation de votre inscription sera envoy\u00e9e par le bureau des congr\u00e8s de Rovaniemi-Lapland.<\/p>\r\n<\/td>\r\n<td style=\"width: 49.3548%;\">\r\n<p>Pour toute information suppl\u00e9mentaire concernant l\u2019inscription et le paiement, merci de contacter:<\/p>\r\n<p>Rovaniemi-Lapland Congresses<br \/>Email: congress[at]ulapland.fi<br \/>Tel. +358 (0)40 484 4462, +358 (0)40 515 6544<\/p>\r\n<p>Veuillez noter que, bien que le formulaire d\u2019inscription soit disponible en anglais et en fran\u00e7ais, le bureau des Congr\u00e8s traitera toutes les communications <span style=\"text-decoration: underline;\">en anglais uniquement<\/span>.<\/p>\r\n<\/td>\r\n<\/tr>\r\n<\/tbody>\r\n<\/table>\r\n<table>\r\n<tbody>\r\n<tr>\r\n<td><hr \/><\/td>\r\n<\/tr>\r\n<\/tbody>\r\n<\/table>\r\n<table>\r\n<tbody>\r\n<tr>\r\n<td>\r\n<p><span style=\"text-decoration: underline;\">Frais d'inscription<br \/><\/span><\/p>\r\n<p><img class=\"alignnone wp-image-1490 size-full\" src=\"https:\/\/rovaniemi-posio2021.aic-iac.org\/wp-content\/uploads\/sites\/4\/2021\/09\/Screenshot-2021-09-09-at-09.53.48.png\" alt=\"\" width=\"834\" height=\"334\" \/><\/p>\r\n<\/td>\r\n<\/tr>\r\n<\/tbody>\r\n<\/table>\r\n<table style=\"width: 100%;\">\r\n<tbody>\r\n<tr>\r\n<td style=\"width: 49.3548%;\">\r\n<p><span style=\"text-decoration: underline;\">Frais d'inscription pour les \u00e9tudiants<br \/><\/span><\/p>\r\n<p>Valable pour les \u00e9tudiants inscrits pour l'ann\u00e9e acad\u00e9mique 2020-2021 et 2021-2022 dans des institutions officielles li\u00e9es au domaine ou au th\u00e8me du Congr\u00e8s, ou dans des \u00e9coles priv\u00e9es ayant un titre de reconnaissance officiel. Les candidats doivent pr\u00e9senter une copie scann\u00e9e de leur document d'inscription ou un certificat du centre. La carte d'\u00e9tudiant n'est pas un document valable.<\/p>\r\n<p>&nbsp;<\/p>\r\n<\/td>\r\n<td style=\"width: 49.3548%;\">\r\n<p><span style=\"text-decoration: underline;\">Inscriptions de la presse<\/span><\/p>\r\n<p>Les membres de la presse ont droit \u00e0 une inscription gratuite sous r\u00e9serve des conditions suivantes:<\/p>\r\n<p>1. Le.la membre de la presse doit \u00eatre en mesure de fournir une documentation indiquant quel organe de presse il.elle repr\u00e9sente.<br \/>2. L'AIC appr\u00e9cierait que vous annonciez le Congr\u00e8s \u00e0 l'avance dans le ou les canaux de presse\/m\u00e9dias que vous repr\u00e9sentez.<br \/>3. L'AIC appr\u00e9cierait de recevoir des copies du mat\u00e9riel publi\u00e9 pour ses archives.<\/p>\r\n<\/td>\r\n<\/tr>\r\n<\/tbody>\r\n<\/table>\r\n<table>\r\n<tbody>\r\n<tr>\r\n<td><hr \/><\/td>\r\n<\/tr>\r\n<\/tbody>\r\n<\/table>\r\n<table style=\"width: 100%;\">\r\n<tbody>\r\n<tr>\r\n<td style=\"width: 49.3548%;\">\r\n<p><span style=\"text-decoration: underline;\">Paiements<\/span><\/p>\r\n<p>Tous les frais li\u00e9s \u00e0 l\u2019\u00e9v\u00e9nement comprennent la TVA de 24%. Veuillez noter que tous les paiements doivent \u00eatre faits en avance et en euros (\u20ac).<\/p>\r\n<p>Merci de choisir votre moyen de paiement dans le formulaire d\u2019inscription en ligne. Les options sont:<\/p>\r\n<ul>\r\n<li>Virement bancaire en ligne (Banque finlandaise)<\/li>\r\n<li>Paiement par carte de cr\u00e9dit en ligne (Visa, MasterCard, EuroCard, Amex)<\/li>\r\n<li>Facture (La facture vous sera envoy\u00e9e s\u00e9par\u00e9ment par le bureau des Congr\u00e8s Rovaniemi-Lapland. Merci de bien vouloir sp\u00e9cifier votre adresse de facturation dans le formulaire d\u2019inscription. Des frais administratifs de 10\u20ac seront ajout\u00e9s \u00e0 tout paiement par facture.)<\/li>\r\n<\/ul>\r\n<\/td>\r\n<td style=\"width: 49.3548%;\">\r\n<p><span style=\"text-decoration: underline;\">Politique d'annulation<\/span><\/p>\r\n<p>Toute annulation doit \u00eatre faite par courrier \u00e9lectronique au bureau des Congr\u00e8s Rovaniemi-Lapland.<\/p>\r\n<p>Les frais d\u2019inscription vous seront rembours\u00e9s si l\u2019annulation est effectu\u00e9e <span style=\"text-decoration: underline;\">avant le 31 ao\u00fbt 2021<\/span>. Aucun remboursement ne sera fait pour les annulations re\u00e7ues apr\u00e8s cette date.<\/p>\r\n<p>Veuillez noter que des frais de traitement de 50\u20ac seront d\u00e9duits de tous remboursements.<\/p>\r\n<\/td>\r\n<\/tr>\r\n<\/tbody>\r\n<\/table>\r\n<p>&nbsp;<\/p>\r\n<p>&nbsp;<\/p>","_fr_post_name":"registration","_fr_post_excerpt":"Informations sur les frais d'inscription et autres frais, les options de paiement et la politique d'annulation.","_fr_post_title":"Inscription, conditions g\u00e9n\u00e9rales et tarifs","edit_language":"fr","footnotes":""},"class_list":["post-448","page","type-page","status-publish","has-post-thumbnail","hentry"],"_links":{"self":[{"href":"https:\/\/rovaniemi-posio2021.aic-iac.org\/fr\/wp-json\/wp\/v2\/pages\/448","targetHints":{"allow":["GET"]}}],"collection":[{"href":"https:\/\/rovaniemi-posio2021.aic-iac.org\/fr\/wp-json\/wp\/v2\/pages"}],"about":[{"href":"https:\/\/rovaniemi-posio2021.aic-iac.org\/fr\/wp-json\/wp\/v2\/types\/page"}],"author":[{"embeddable":true,"href":"https:\/\/rovaniemi-posio2021.aic-iac.org\/fr\/wp-json\/wp\/v2\/users\/379"}],"replies":[{"embeddable":true,"href":"https:\/\/rovaniemi-posio2021.aic-iac.org\/fr\/wp-json\/wp\/v2\/comments?post=448"}],"version-history":[{"count":172,"href":"https:\/\/rovaniemi-posio2021.aic-iac.org\/fr\/wp-json\/wp\/v2\/pages\/448\/revisions"}],"predecessor-version":[{"id":1505,"href":"https:\/\/rovaniemi-posio2021.aic-iac.org\/fr\/wp-json\/wp\/v2\/pages\/448\/revisions\/1505"}],"wp:featuredmedia":[{"embeddable":true,"href":"https:\/\/rovaniemi-posio2021.aic-iac.org\/fr\/wp-json\/wp\/v2\/media\/694"}],"wp:attachment":[{"href":"https:\/\/rovaniemi-posio2021.aic-iac.org\/fr\/wp-json\/wp\/v2\/media?parent=448"}],"curies":[{"name":"wp","href":"https:\/\/api.w.org\/{rel}","templated":true}]}}